{"id":54626,"date":"2021-07-08T17:10:47","date_gmt":"2021-07-08T17:10:47","guid":{"rendered":"https:\/\/ptsite.pt\/macosmi\/?page_id=54626"},"modified":"2023-12-05T17:24:33","modified_gmt":"2023-12-05T17:24:33","slug":"quality-policy","status":"publish","type":"page","link":"https:\/\/macosmi.com\/pt\/quality-policy\/","title":{"rendered":"Quality Policy"},"content":{"rendered":"<p>[et_pb_section fb_built=&#8221;1&#8243; module_id=&#8221;PP&#8221; _builder_version=&#8221;4.9.4&#8243; background_color=&#8221;#f5f5f5&#8243; custom_margin=&#8221;0px||0px|&#8221; custom_padding=&#8221;0px|0px|0px|0px&#8221; global_colors_info=&#8221;{}&#8221;][et_pb_row custom_padding_last_edited=&#8221;on|desktop&#8221; _builder_version=&#8221;4.9.4&#8243; background_size=&#8221;initial&#8221; background_position=&#8221;top_left&#8221; background_repeat=&#8221;repeat&#8221; max_width=&#8221;960px&#8221; custom_margin=&#8221;0px||0px||true&#8221; custom_padding=&#8221;130px||130px||true|&#8221; custom_padding_tablet=&#8221;80px||80px|&#8221; custom_padding_phone=&#8221;60px||60px|&#8221; global_colors_info=&#8221;{}&#8221;][et_pb_column type=&#8221;4_4&#8243; _builder_version=&#8221;3.25&#8243; custom_padding=&#8221;|||&#8221; global_colors_info=&#8221;{}&#8221; custom_padding__hover=&#8221;|||&#8221;][et_pb_text _builder_version=&#8221;4.10.4&#8243; text_font=&#8221;||||||||&#8221; text_font_size=&#8221;15px&#8221; text_line_height=&#8221;1.3em&#8221; header_font=&#8221;||||||||&#8221; text_orientation=&#8221;justified&#8221; custom_margin=&#8221;0px||0px|&#8221; custom_padding=&#8221;0px||0px|&#8221; hover_enabled=&#8221;0&#8243; global_colors_info=&#8221;{}&#8221; sticky_enabled=&#8221;0&#8243;]<\/p>\n<h1 style=\"padding-bottom: 20px;\">POL\u00cdTICA DA QUALIDADE E AMBIENTE<\/h1>\n<p>A MACOSMI \u2013 F\u00e1brica de Cal\u00e7ado, Lda. assume-se como uma empresa de cal\u00e7ado que aposta na qualidade e inova\u00e7\u00e3o do produto que apresenta aos seus clientes. Tem como miss\u00e3o fabricar cal\u00e7ado de qualidade, atrav\u00e9s de solu\u00e7\u00f5es criativas e trabalhando de forma sustent\u00e1vel os diversos materiais que o comp\u00f5em, contribuindo para o conforto e bem-estar dos consumidores e para a preserva\u00e7\u00e3o e prote\u00e7\u00e3o do meio ambiente.<\/p>\n<p>Sendo este um trabalho de equipa, \u00e9 necess\u00e1rio o envolvimento de todos os colaboradores, fornecedores e clientes, visando garantir:<\/p>\n<p>\u2022 A satisfa\u00e7\u00e3o dos clientes como raz\u00e3o de sucesso do neg\u00f3cio;<\/p>\n<p>\u2022 A melhoria dos produtos adequada \u00e0s necessidades dos nossos clientes e consumidor final, facultando-lhes solu\u00e7\u00f5es inovadores que lhes permitam vantagens competitivas;<\/p>\n<p>\u2022 O desenvolvimento profissional dos colaboradores, atrav\u00e9s de uma adequada conjuga\u00e7\u00e3o entre forma\u00e7\u00e3o e pr\u00e1tica e a disponibiliza\u00e7\u00e3o de um ambiente de trabalho salutar;<\/p>\n<p>\u2022 O estrito cumprimento da regulamenta\u00e7\u00e3o e legisla\u00e7\u00e3o aplic\u00e1vel aos nossos produtos;<\/p>\n<p>\u2022 O uso sustent\u00e1vel de recursos, a preven\u00e7\u00e3o da polui\u00e7\u00e3o e a otimiza\u00e7\u00e3o do desempenho ambiental;<\/p>\n<p>\u2022 A melhoria cont\u00ednua do Sistema de Gest\u00e3o da Qualidade e Ambiente, tendo como refer\u00eancia as normas NP EN ISO 9001 e NP EN ISO 14001.<strong><\/strong><\/p>\n<p>[\/et_pb_text][\/et_pb_column][\/et_pb_row][\/et_pb_section]<\/p>\n","protected":false},"excerpt":{"rendered":"<p>POL\u00cdTICA DA QUALIDADE E AMBIENTE A MACOSMI \u2013 F\u00e1brica de Cal\u00e7ado, Lda. assume-se como uma empresa de cal\u00e7ado que aposta na qualidade e inova\u00e7\u00e3o do produto que apresenta aos seus clientes. Tem como miss\u00e3o fabricar cal\u00e7ado de qualidade, atrav\u00e9s de solu\u00e7\u00f5es criativas e trabalhando de forma sustent\u00e1vel os diversos materiais que o comp\u00f5em, contribuindo para [&hellip;]<\/p>\n","protected":false},"author":3,"featured_media":0,"parent":0,"menu_order":0,"comment_status":"closed","ping_status":"closed","template":"","meta":{"_et_pb_use_builder":"on","_et_pb_old_content":"","_et_gb_content_width":"","footnotes":""},"class_list":["post-54626","page","type-page","status-publish","hentry"],"_links":{"self":[{"href":"https:\/\/macosmi.com\/pt\/wp-json\/wp\/v2\/pages\/54626","targetHints":{"allow":["GET"]}}],"collection":[{"href":"https:\/\/macosmi.com\/pt\/wp-json\/wp\/v2\/pages"}],"about":[{"href":"https:\/\/macosmi.com\/pt\/wp-json\/wp\/v2\/types\/page"}],"author":[{"embeddable":true,"href":"https:\/\/macosmi.com\/pt\/wp-json\/wp\/v2\/users\/3"}],"replies":[{"embeddable":true,"href":"https:\/\/macosmi.com\/pt\/wp-json\/wp\/v2\/comments?post=54626"}],"version-history":[{"count":7,"href":"https:\/\/macosmi.com\/pt\/wp-json\/wp\/v2\/pages\/54626\/revisions"}],"predecessor-version":[{"id":54841,"href":"https:\/\/macosmi.com\/pt\/wp-json\/wp\/v2\/pages\/54626\/revisions\/54841"}],"wp:attachment":[{"href":"https:\/\/macosmi.com\/pt\/wp-json\/wp\/v2\/media?parent=54626"}],"curies":[{"name":"wp","href":"https:\/\/api.w.org\/{rel}","templated":true}]}}