{"id":54497,"date":"2021-07-07T17:29:56","date_gmt":"2021-07-07T17:29:56","guid":{"rendered":"https:\/\/ptsite.pt\/macosmi\/?page_id=54497"},"modified":"2021-07-15T13:18:48","modified_gmt":"2021-07-15T13:18:48","slug":"what-we-do","status":"publish","type":"page","link":"https:\/\/macosmi.com\/pt\/what-we-do\/","title":{"rendered":"What We Do"},"content":{"rendered":"<p>[et_pb_section fb_built=&#8221;1&#8243; _builder_version=&#8221;4.9.4&#8243; _module_preset=&#8221;default&#8221; background_image=&#8221;https:\/\/macosmi.com\/pt\/wp-content\/uploads\/2021\/07\/MCM_Banner_05.jpg&#8221; min_height=&#8221;45vh&#8221; min_height_tablet=&#8221;250px&#8221; min_height_phone=&#8221;150px&#8221; min_height_last_edited=&#8221;on|phone&#8221; custom_margin=&#8221;0px||0px||true|false&#8221; custom_padding=&#8221;0px||0px||true|false&#8221;][\/et_pb_section][et_pb_section fb_built=&#8221;1&#8243; custom_padding_last_edited=&#8221;on|desktop&#8221; _builder_version=&#8221;4.9.4&#8243; custom_margin=&#8221;0px||0px||true|false&#8221; custom_padding=&#8221;100px||100px||true|false&#8221; custom_padding_tablet=&#8221;90px||90px||true|false&#8221; custom_padding_phone=&#8221;80px||80px||true|false&#8221; locked=&#8221;off&#8221;][et_pb_row custom_padding_last_edited=&#8221;on|desktop&#8221; _builder_version=&#8221;4.9.4&#8243; _module_preset=&#8221;default&#8221; custom_margin=&#8221;0px||0px||true|false&#8221; custom_padding=&#8221;0px||70px||false|false&#8221; custom_padding_tablet=&#8221;||60px||false|false&#8221; custom_padding_phone=&#8221;||50px||false|false&#8221;][et_pb_column type=&#8221;4_4&#8243; _builder_version=&#8221;4.9.4&#8243; _module_preset=&#8221;default&#8221;][et_pb_text _builder_version=&#8221;4.9.7&#8243; text_font=&#8221;||||||||&#8221; header_font=&#8221;||||||||&#8221; header_text_align=&#8221;center&#8221; header_font_size=&#8221;32px&#8221; custom_margin=&#8221;0px||0px||true|false&#8221; custom_padding=&#8221;0px||0px||true|false&#8221; header_font_size_tablet=&#8221;28px&#8221; header_font_size_phone=&#8221;22px&#8221; header_font_size_last_edited=&#8221;on|desktop&#8221; text_text_align=&#8221;center&#8221; locked=&#8221;off&#8221;]<\/p>\n<h1 style=\"padding-bottom: 0px; font-weight: 600;\">Servi\u00e7os<\/h1>\n<p>[\/et_pb_text][et_pb_divider divider_position=&#8221;center&#8221; divider_weight=&#8221;1px&#8221; _builder_version=&#8221;4.9.4&#8243; max_width=&#8221;60px&#8221; module_alignment=&#8221;center&#8221; height=&#8221;40px&#8221; custom_margin=&#8221;0px||15px||false|false&#8221; custom_padding=&#8221;0px||0px||true&#8221; locked=&#8221;off&#8221;][\/et_pb_divider][et_pb_text _builder_version=&#8221;4.9.7&#8243; text_font=&#8221;||||||||&#8221; header_font=&#8221;||||||||&#8221; header_font_size=&#8221;32px&#8221; text_orientation=&#8221;center&#8221; max_width=&#8221;726px&#8221; module_alignment=&#8221;center&#8221; custom_margin=&#8221;0px||0px||true|false&#8221; custom_padding=&#8221;0px||0px||true|false&#8221; header_font_size_tablet=&#8221;28px&#8221; header_font_size_phone=&#8221;22px&#8221; header_font_size_last_edited=&#8221;on|desktop&#8221; text_text_align=&#8221;center&#8221; locked=&#8221;off&#8221;]Nos \u00faltimos 25 anos, adaptamo-nos e reinventamo-nos de modo a disponibilizar a capacidade e a estrutura para fazer praticamente qualquer tipo de constru\u00e7\u00e3o ou design.<br \/>\n<b>Uma equipa de colaboradores experientes e habilidosos tornou isso poss\u00edvel.<\/b>[\/et_pb_text][\/et_pb_column][\/et_pb_row][et_pb_row column_structure=&#8221;1_3,1_3,1_3&#8243; _builder_version=&#8221;4.9.4&#8243; width=&#8221;90%&#8221; width_tablet=&#8221;80%&#8221; width_phone=&#8221;&#8221; width_last_edited=&#8221;on|desktop&#8221; max_width=&#8221;1200px&#8221; custom_margin=&#8221;0px||0px||true|false&#8221; custom_padding=&#8221;0px||70px||false|false&#8221;][et_pb_column type=&#8221;1_3&#8243; _builder_version=&#8221;3.27.3&#8243;][et_pb_image src=&#8221;https:\/\/macosmi.com\/pt\/wp-content\/uploads\/2021\/07\/MCM_WhaWeDo_01.jpg&#8221; title_text=&#8221;MCM_WhaWeDo_01&#8243; _builder_version=&#8221;4.9.4&#8243; custom_margin=&#8221;0px||15px||false|false&#8221; custom_padding=&#8221;0px||0px||true|false&#8221;][\/et_pb_image][et_pb_divider divider_position=&#8221;center&#8221; _builder_version=&#8221;4.4.9&#8243; max_width=&#8221;30px&#8221; module_alignment=&#8221;left&#8221; height=&#8221;30px&#8221; custom_margin=&#8221;0px||0px||true|false&#8221; custom_padding=&#8221;0px||0px||true|false&#8221;][\/et_pb_divider][et_pb_text _builder_version=&#8221;4.9.7&#8243; header_font=&#8221;||||||||&#8221; header_3_font=&#8221;|||on|||||&#8221; header_4_font=&#8221;|||on|||||&#8221; header_4_font_size=&#8221;17.8px&#8221; header_4_line_height=&#8221;1.1em&#8221; custom_margin=&#8221;-25px||0px|50px|false|false&#8221; custom_padding=&#8221;0px||0px||true|false&#8221; custom_padding_tablet=&#8221;||35px||false|false&#8221; custom_padding_phone=&#8221;&#8221; custom_padding_last_edited=&#8221;on|desktop&#8221;]<\/p>\n<h4 style=\"padding-bottom: 0px; font-weight: 600;\">Desenvolvimento<\/h4>\n<p>[\/et_pb_text][\/et_pb_column][et_pb_column type=&#8221;1_3&#8243; _builder_version=&#8221;3.27.3&#8243;][et_pb_image src=&#8221;https:\/\/macosmi.com\/pt\/wp-content\/uploads\/2021\/07\/MCM_WhaWeDo_02.jpg&#8221; title_text=&#8221;MCM_WhaWeDo_02&#8243; _builder_version=&#8221;4.9.4&#8243; custom_margin=&#8221;0px||15px||false|false&#8221; custom_padding=&#8221;0px||0px||true|false&#8221; global_colors_info=&#8221;{}&#8221;][\/et_pb_image][et_pb_divider divider_position=&#8221;center&#8221; _builder_version=&#8221;4.4.9&#8243; max_width=&#8221;30px&#8221; module_alignment=&#8221;left&#8221; height=&#8221;30px&#8221; custom_margin=&#8221;0px||0px||true|false&#8221; custom_padding=&#8221;0px||0px||true|false&#8221;][\/et_pb_divider][et_pb_text _builder_version=&#8221;4.9.7&#8243; header_font=&#8221;||||||||&#8221; header_3_font=&#8221;|||on|||||&#8221; header_4_font=&#8221;|||on|||||&#8221; header_4_font_size=&#8221;17.8px&#8221; header_4_line_height=&#8221;1.1em&#8221; custom_margin=&#8221;-25px||0px|50px|false|false&#8221; custom_padding=&#8221;0px||0px||true|false&#8221; custom_padding_tablet=&#8221;||35px||false|false&#8221; custom_padding_phone=&#8221;&#8221; custom_padding_last_edited=&#8221;on|desktop&#8221; global_colors_info=&#8221;{}&#8221;]<\/p>\n<h4 style=\"padding-bottom: 0px; font-weight: 600;\">Escolher os materiais certos<\/h4>\n<p>[\/et_pb_text][\/et_pb_column][et_pb_column type=&#8221;1_3&#8243; _builder_version=&#8221;3.27.3&#8243;][et_pb_image src=&#8221;https:\/\/macosmi.com\/pt\/wp-content\/uploads\/2021\/07\/MCM_WhaWeDo_03.jpg&#8221; title_text=&#8221;MCM_WhaWeDo_03&#8243; _builder_version=&#8221;4.9.4&#8243; custom_margin=&#8221;0px||15px||false|false&#8221; custom_padding=&#8221;0px||0px||true|false&#8221; global_colors_info=&#8221;{}&#8221;][\/et_pb_image][et_pb_divider divider_position=&#8221;center&#8221; _builder_version=&#8221;4.4.9&#8243; max_width=&#8221;30px&#8221; module_alignment=&#8221;left&#8221; height=&#8221;30px&#8221; custom_margin=&#8221;0px||0px||true|false&#8221; custom_padding=&#8221;0px||0px||true|false&#8221;][\/et_pb_divider][et_pb_text _builder_version=&#8221;4.9.7&#8243; header_font=&#8221;||||||||&#8221; header_3_font=&#8221;|||on|||||&#8221; header_4_font=&#8221;|||on|||||&#8221; header_4_font_size=&#8221;17.8px&#8221; header_4_line_height=&#8221;1.1em&#8221; custom_margin=&#8221;-25px||0px|50px|false|false&#8221; custom_padding=&#8221;0px||0px||true|false&#8221; global_colors_info=&#8221;{}&#8221;]<\/p>\n<h4 style=\"padding-bottom: 0px; font-weight: 600;\">Todos os tipos de sapatos<\/h4>\n<p>[\/et_pb_text][\/et_pb_column][\/et_pb_row][et_pb_row column_structure=&#8221;1_3,1_3,1_3&#8243; _builder_version=&#8221;4.9.4&#8243; width=&#8221;90%&#8221; width_tablet=&#8221;80%&#8221; width_phone=&#8221;&#8221; width_last_edited=&#8221;on|tablet&#8221; max_width=&#8221;1200px&#8221; custom_margin=&#8221;0px||0px||true|false&#8221; custom_padding=&#8221;0px||0px||true|false&#8221;][et_pb_column type=&#8221;1_3&#8243; _builder_version=&#8221;3.27.3&#8243;][et_pb_image src=&#8221;https:\/\/macosmi.com\/pt\/wp-content\/uploads\/2021\/07\/MCM_WhaWeDo_04.jpg&#8221; title_text=&#8221;MCM_WhaWeDo_04&#8243; _builder_version=&#8221;4.9.4&#8243; custom_margin=&#8221;0px||15px||false|false&#8221; custom_padding=&#8221;0px||0px||true|false&#8221; global_colors_info=&#8221;{}&#8221;][\/et_pb_image][et_pb_divider divider_position=&#8221;center&#8221; _builder_version=&#8221;4.9.4&#8243; max_width=&#8221;30px&#8221; module_alignment=&#8221;left&#8221; height=&#8221;30px&#8221; custom_margin=&#8221;0px||0px||true|false&#8221; custom_padding=&#8221;0px||0px||true|false&#8221;][\/et_pb_divider][et_pb_text _builder_version=&#8221;4.9.7&#8243; header_font=&#8221;||||||||&#8221; header_3_font=&#8221;|||on|||||&#8221; header_4_font=&#8221;|||on|||||&#8221; header_4_font_size=&#8221;17.8px&#8221; header_4_line_height=&#8221;1.1em&#8221; custom_margin=&#8221;-25px||0px|50px|false|false&#8221; custom_padding=&#8221;0px||0px||true|false&#8221; custom_padding_tablet=&#8221;||35px||false|false&#8221; custom_padding_phone=&#8221;&#8221; custom_padding_last_edited=&#8221;on|desktop&#8221; hover_enabled=&#8221;0&#8243; global_colors_info=&#8221;{}&#8221; sticky_enabled=&#8221;0&#8243;]<\/p>\n<h4 style=\"padding-bottom: 0px; font-weight: 600;\">1.400 pares por dia<\/h4>\n<p>[\/et_pb_text][\/et_pb_column][et_pb_column type=&#8221;1_3&#8243; _builder_version=&#8221;3.27.3&#8243;][et_pb_image src=&#8221;https:\/\/macosmi.com\/pt\/wp-content\/uploads\/2021\/07\/MCM_WhaWeDo_05.jpg&#8221; title_text=&#8221;MCM_WhaWeDo_05&#8243; _builder_version=&#8221;4.9.4&#8243; custom_margin=&#8221;0px||15px||false|false&#8221; custom_padding=&#8221;0px||0px||true|false&#8221; global_colors_info=&#8221;{}&#8221;][\/et_pb_image][et_pb_divider divider_position=&#8221;center&#8221; _builder_version=&#8221;4.9.7&#8243; max_width=&#8221;30px&#8221; module_alignment=&#8221;left&#8221; height=&#8221;30px&#8221; custom_margin=&#8221;0px||0px||true|false&#8221; custom_padding=&#8221;0px||0px||true|false&#8221;][\/et_pb_divider][et_pb_text _builder_version=&#8221;4.9.7&#8243; header_font=&#8221;||||||||&#8221; header_3_font=&#8221;|||on|||||&#8221; header_4_font=&#8221;|||on|||||&#8221; header_4_font_size=&#8221;17.8px&#8221; header_4_line_height=&#8221;1.1em&#8221; custom_margin=&#8221;-25px||0px|50px|false|false&#8221; custom_padding=&#8221;0px||0px||true|false&#8221; custom_padding_tablet=&#8221;||35px||false|false&#8221; custom_padding_phone=&#8221;&#8221; custom_padding_last_edited=&#8221;on|desktop&#8221; global_colors_info=&#8221;{}&#8221;]<\/p>\n<h4 style=\"padding-bottom: 0px; font-weight: 600;\">Tecnologia avan\u00e7ada<\/h4>\n<p>[\/et_pb_text][\/et_pb_column][et_pb_column type=&#8221;1_3&#8243; _builder_version=&#8221;3.27.3&#8243;][et_pb_image src=&#8221;https:\/\/macosmi.com\/pt\/wp-content\/uploads\/2021\/07\/MCM_WhaWeDo_06.jpg&#8221; title_text=&#8221;MCM_WhaWeDo_06&#8243; _builder_version=&#8221;4.9.4&#8243; custom_margin=&#8221;0px||15px||false|false&#8221; custom_padding=&#8221;0px||0px||true|false&#8221; global_colors_info=&#8221;{}&#8221;][\/et_pb_image][et_pb_divider divider_position=&#8221;center&#8221; _builder_version=&#8221;4.4.9&#8243; max_width=&#8221;30px&#8221; module_alignment=&#8221;left&#8221; height=&#8221;30px&#8221; custom_margin=&#8221;0px||0px||true|false&#8221; custom_padding=&#8221;0px||0px||true|false&#8221;][\/et_pb_divider][et_pb_text _builder_version=&#8221;4.9.7&#8243; header_font=&#8221;||||||||&#8221; header_3_font=&#8221;|||on|||||&#8221; header_4_font=&#8221;|||on|||||&#8221; header_4_font_size=&#8221;17.8px&#8221; header_4_line_height=&#8221;1.1em&#8221; custom_margin=&#8221;-25px||0px|50px|false|false&#8221; custom_padding=&#8221;0px||0px||true|false&#8221; global_colors_info=&#8221;{}&#8221;]<\/p>\n<h4 style=\"padding-bottom: 0px; font-weight: 600;\">Qualidade na entrega<\/h4>\n<p>[\/et_pb_text][\/et_pb_column][\/et_pb_row][\/et_pb_section]<\/p>\n","protected":false},"excerpt":{"rendered":"<p>Servi\u00e7osNos \u00faltimos 25 anos, adaptamo-nos e reinventamo-nos de modo a disponibilizar a capacidade e a estrutura para fazer praticamente qualquer tipo de constru\u00e7\u00e3o ou design. Uma equipa de colaboradores experientes e habilidosos tornou isso poss\u00edvel.DesenvolvimentoEscolher os materiais certosTodos os tipos de sapatos1.400 pares por diaTecnologia avan\u00e7adaQualidade na entrega<\/p>\n","protected":false},"author":3,"featured_media":0,"parent":0,"menu_order":0,"comment_status":"closed","ping_status":"closed","template":"","meta":{"_et_pb_use_builder":"on","_et_pb_old_content":"","_et_gb_content_width":"","footnotes":""},"class_list":["post-54497","page","type-page","status-publish","hentry"],"_links":{"self":[{"href":"https:\/\/macosmi.com\/pt\/wp-json\/wp\/v2\/pages\/54497","targetHints":{"allow":["GET"]}}],"collection":[{"href":"https:\/\/macosmi.com\/pt\/wp-json\/wp\/v2\/pages"}],"about":[{"href":"https:\/\/macosmi.com\/pt\/wp-json\/wp\/v2\/types\/page"}],"author":[{"embeddable":true,"href":"https:\/\/macosmi.com\/pt\/wp-json\/wp\/v2\/users\/3"}],"replies":[{"embeddable":true,"href":"https:\/\/macosmi.com\/pt\/wp-json\/wp\/v2\/comments?post=54497"}],"version-history":[{"count":12,"href":"https:\/\/macosmi.com\/pt\/wp-json\/wp\/v2\/pages\/54497\/revisions"}],"predecessor-version":[{"id":54797,"href":"https:\/\/macosmi.com\/pt\/wp-json\/wp\/v2\/pages\/54497\/revisions\/54797"}],"wp:attachment":[{"href":"https:\/\/macosmi.com\/pt\/wp-json\/wp\/v2\/media?parent=54497"}],"curies":[{"name":"wp","href":"https:\/\/api.w.org\/{rel}","templated":true}]}}